{"id":294,"date":"2026-03-27T19:13:18","date_gmt":"2026-03-27T18:13:18","guid":{"rendered":"https:\/\/methodecyberserenite.com\/?page_id=294"},"modified":"2026-03-28T08:30:56","modified_gmt":"2026-03-28T07:30:56","slug":"guide-expert-de-la-methode-cyberserenite-mc","status":"publish","type":"page","link":"https:\/\/methodecyberserenite.com\/en\/guide-expert-de-la-methode-cyberserenite-mc\/","title":{"rendered":"Guide Expert de la M\u00e9thode Cybers\u00e9r\u00e9nit\u00e9 (MC)"},"content":{"rendered":"<h2 class=\"wp-block-heading\">La d\u00e9cision cyber sous pression<\/h2>\n\n\n\n<figure class=\"wp-block-image size-full is-resized\"><img loading=\"lazy\" decoding=\"async\" width=\"512\" height=\"512\" src=\"https:\/\/methodecyberserenite.com\/wp-content\/uploads\/2025\/12\/cropped-Logo_Methode-Cyberserenite-1.png\" alt=\"M\u00e9thode Cybers\u00e9r\u00e9nit\u00e9\" class=\"wp-image-271\" style=\"width:215px;height:auto\" srcset=\"https:\/\/methodecyberserenite.com\/wp-content\/uploads\/2025\/12\/cropped-Logo_Methode-Cyberserenite-1.png 512w, https:\/\/methodecyberserenite.com\/wp-content\/uploads\/2025\/12\/cropped-Logo_Methode-Cyberserenite-1-300x300.png 300w, https:\/\/methodecyberserenite.com\/wp-content\/uploads\/2025\/12\/cropped-Logo_Methode-Cyberserenite-1-150x150.png 150w, https:\/\/methodecyberserenite.com\/wp-content\/uploads\/2025\/12\/cropped-Logo_Methode-Cyberserenite-1-270x270.png 270w, https:\/\/methodecyberserenite.com\/wp-content\/uploads\/2025\/12\/cropped-Logo_Methode-Cyberserenite-1-192x192.png 192w, https:\/\/methodecyberserenite.com\/wp-content\/uploads\/2025\/12\/cropped-Logo_Methode-Cyberserenite-1-180x180.png 180w, https:\/\/methodecyberserenite.com\/wp-content\/uploads\/2025\/12\/cropped-Logo_Methode-Cyberserenite-1-32x32.png 32w\" sizes=\"auto, (max-width: 512px) 100vw, 512px\" \/><\/figure>\n\n\n\n<p>Ce guide expert approfondit la M\u00e9thode Cybers\u00e9r\u00e9nit\u00e9 \u00e0 partir d\u2019un angle pr\u00e9cis : les conditions humaines dans lesquelles les d\u00e9cisions de cybers\u00e9curit\u00e9 sont r\u00e9ellement prises.<\/p>\n\n\n\n<p>Il s\u2019adresse en priorit\u00e9 aux professionnels exp\u00e9riment\u00e9s : RSSI, responsables cybers\u00e9curit\u00e9, analystes, architectes, d\u00e9cideurs, responsables de crise et plus largement \u00e0 celles et ceux qui doivent arbitrer sous contrainte, dans des environnements exigeants.<\/p>\n\n\n\n<p>Vous y trouverez une lecture compl\u00e9mentaire de la cybers\u00e9curit\u00e9, centr\u00e9e non sur les seuls outils ou r\u00e9f\u00e9rentiels, mais sur ce qui se joue au moment critique : pression, fatigue, surcharge, incertitude, silence organisationnel, qualit\u00e9 de pr\u00e9sence et discernement.<\/p>\n\n\n\n<p>Ce guide n\u2019a pas vocation \u00e0 remplacer les cadres existants.<br>Il propose un cadre de r\u00e9flexion pour mieux comprendre ce qui influence une d\u00e9cision lorsque les rep\u00e8res habituels deviennent instables.<\/p>\n\n\n\n<p>Il explore notamment :<\/p>\n\n\n\n<ul class=\"wp-block-list\">\n<li>la fragilit\u00e9 d\u00e9cisionnelle sous pression,<\/li>\n\n\n\n<li>l\u2019angle mort humain des organisations pourtant matures,<\/li>\n\n\n\n<li>la place du doute, de l\u2019attention et de la lucidit\u00e9 dans les moments sensibles,<\/li>\n\n\n\n<li>le socle SERENITY comme grille de lecture op\u00e9rationnelle,<\/li>\n\n\n\n<li>des situations inspir\u00e9es du terrain,<\/li>\n\n\n\n<li>la place de cette approche dans la gouvernance et les retours d\u2019exp\u00e9rience.<\/li>\n<\/ul>\n\n\n\n<h3 class=\"wp-block-heading\">T\u00e9l\u00e9charger le guide expert de la M\u00e9thode Cybers\u00e9r\u00e9nit\u00e9 (PDF)<\/h3>\n\n\n\n<figure class=\"wp-block-image size-large is-resized\"><a href=\"https:\/\/methodecyberserenite.com\/wp-content\/uploads\/2026\/03\/Guide_Expert_Methode-Cyberserenite.pdf\"><img loading=\"lazy\" decoding=\"async\" width=\"724\" height=\"1024\" src=\"https:\/\/methodecyberserenite.com\/wp-content\/uploads\/2026\/03\/Guide_Expert_Methode-Cyberserenite-2-724x1024.png\" alt=\"\" class=\"wp-image-293\" style=\"aspect-ratio:0.7070434291606315;width:339px;height:auto\" srcset=\"https:\/\/methodecyberserenite.com\/wp-content\/uploads\/2026\/03\/Guide_Expert_Methode-Cyberserenite-2-724x1024.png 724w, https:\/\/methodecyberserenite.com\/wp-content\/uploads\/2026\/03\/Guide_Expert_Methode-Cyberserenite-2-212x300.png 212w, https:\/\/methodecyberserenite.com\/wp-content\/uploads\/2026\/03\/Guide_Expert_Methode-Cyberserenite-2-768x1086.png 768w, https:\/\/methodecyberserenite.com\/wp-content\/uploads\/2026\/03\/Guide_Expert_Methode-Cyberserenite-2-1086x1536.png 1086w, https:\/\/methodecyberserenite.com\/wp-content\/uploads\/2026\/03\/Guide_Expert_Methode-Cyberserenite-2-1448x2048.png 1448w, https:\/\/methodecyberserenite.com\/wp-content\/uploads\/2026\/03\/Guide_Expert_Methode-Cyberserenite-2-8x12.png 8w, https:\/\/methodecyberserenite.com\/wp-content\/uploads\/2026\/03\/Guide_Expert_Methode-Cyberserenite-2-1320x1867.png 1320w, https:\/\/methodecyberserenite.com\/wp-content\/uploads\/2026\/03\/Guide_Expert_Methode-Cyberserenite-2-scaled.png 1810w\" sizes=\"auto, (max-width: 724px) 100vw, 724px\" \/><\/a><\/figure>\n\n\n\n<p>La M\u00e9thode Cybers\u00e9r\u00e9nit\u00e9 n\u2019est pas fig\u00e9e.<br>Elle \u00e9volue avec les usages, les situations et les retours de celles et ceux qui la mettent \u00e0 l\u2019\u00e9preuve du r\u00e9el.<\/p>\n\n\n\n<p>Vos retours sont pr\u00e9cieux : ils contribuent \u00e0 faire vivre et \u00e0 enrichir la m\u00e9thode.<\/p>\n\n\n\n<p><a href=\"https:\/\/methodecyberserenite.com\/wp-content\/uploads\/2026\/03\/Guide_Expert_Methode-Cyberserenite.pdf\" target=\"_blank\" rel=\"noreferrer noopener\">&nbsp;T\u00e9l\u00e9charger le guide Expert de la M\u00e9thode Cybers\u00e9r\u00e9nit\u00e9 (PDF)<\/a><\/p>","protected":false},"excerpt":{"rendered":"<p>La d\u00e9cision cyber sous pression Ce guide expert approfondit la M\u00e9thode Cybers\u00e9r\u00e9nit\u00e9 \u00e0 partir d\u2019un angle pr\u00e9cis : les conditions humaines dans lesquelles les d\u00e9cisions de cybers\u00e9curit\u00e9 sont r\u00e9ellement prises. Il s\u2019adresse en priorit\u00e9 aux professionnels exp\u00e9riment\u00e9s : RSSI, responsables cybers\u00e9curit\u00e9, analystes, architectes, d\u00e9cideurs, responsables de crise et plus largement \u00e0 celles et ceux qui&hellip;&nbsp;<\/p>","protected":false},"author":1,"featured_media":0,"parent":0,"menu_order":0,"comment_status":"closed","ping_status":"closed","template":"","meta":{"neve_meta_sidebar":"","neve_meta_container":"","neve_meta_enable_content_width":"","neve_meta_content_width":0,"neve_meta_title_alignment":"","neve_meta_author_avatar":"","neve_post_elements_order":"","neve_meta_disable_header":"","neve_meta_disable_footer":"","neve_meta_disable_title":"","footnotes":""},"class_list":["post-294","page","type-page","status-publish","hentry"],"_links":{"self":[{"href":"https:\/\/methodecyberserenite.com\/en\/wp-json\/wp\/v2\/pages\/294","targetHints":{"allow":["GET"]}}],"collection":[{"href":"https:\/\/methodecyberserenite.com\/en\/wp-json\/wp\/v2\/pages"}],"about":[{"href":"https:\/\/methodecyberserenite.com\/en\/wp-json\/wp\/v2\/types\/page"}],"author":[{"embeddable":true,"href":"https:\/\/methodecyberserenite.com\/en\/wp-json\/wp\/v2\/users\/1"}],"replies":[{"embeddable":true,"href":"https:\/\/methodecyberserenite.com\/en\/wp-json\/wp\/v2\/comments?post=294"}],"version-history":[{"count":4,"href":"https:\/\/methodecyberserenite.com\/en\/wp-json\/wp\/v2\/pages\/294\/revisions"}],"predecessor-version":[{"id":327,"href":"https:\/\/methodecyberserenite.com\/en\/wp-json\/wp\/v2\/pages\/294\/revisions\/327"}],"wp:attachment":[{"href":"https:\/\/methodecyberserenite.com\/en\/wp-json\/wp\/v2\/media?parent=294"}],"curies":[{"name":"wp","href":"https:\/\/api.w.org\/{rel}","templated":true}]}}