{"id":381,"date":"2026-04-14T17:58:49","date_gmt":"2026-04-14T16:58:49","guid":{"rendered":"https:\/\/methodecyberserenite.com\/?page_id=381"},"modified":"2026-04-14T17:58:51","modified_gmt":"2026-04-14T16:58:51","slug":"guide-n2-de-la-methode-cyberserenite","status":"publish","type":"page","link":"https:\/\/methodecyberserenite.com\/en\/guide-n2-de-la-methode-cyberserenite\/","title":{"rendered":"Guide n\u00b02 de la M\u00e9thode Cybers\u00e9r\u00e9nit\u00e9"},"content":{"rendered":"<h2 class=\"wp-block-heading\">Postures humaines en cybers\u00e9curit\u00e9<\/h2>\n\n\n\n<p>Ce guide explore un point souvent sous-estim\u00e9 en cybers\u00e9curit\u00e9 : la mani\u00e8re dont les d\u00e9cisions sont r\u00e9ellement prises, par des humains, dans des contextes de pression, de fatigue, de surcharge, d\u2019urgence ou d\u2019incertitude. Il propose une lecture compl\u00e9mentaire de la cybers\u00e9curit\u00e9, centr\u00e9e sur les conditions de perception, d\u2019analyse et de discernement au moment o\u00f9 tout se joue.&nbsp;<\/p>\n\n\n\n<p>Il s\u2019adresse aux collaborateurs, managers, RSSI, DSI, dirigeants, et plus largement \u00e0 toutes celles et ceux qui souhaitent mieux comprendre ce qui fragilise ou soutient la qualit\u00e9 de d\u00e9cision en situation contrainte.&nbsp;<\/p>\n\n\n\n<p>Vous y trouverez une approche structur\u00e9e autour de quatre postures humaines en cybers\u00e9curit\u00e9, avec un objectif simple : rendre visibles les m\u00e9canismes qui d\u00e9gradent la d\u00e9cision avant m\u00eame que l\u2019erreur ne soit visible, et proposer des rep\u00e8res concrets pour pr\u00e9server le discernement.&nbsp;<\/p>\n\n\n\n<p>Ce guide n\u2019a pas vocation \u00e0 remplacer les outils, les proc\u00e9dures ou les cadres existants.<br>Il propose un cadre de vigilance cognitive appliqu\u00e9 \u00e0 la cybers\u00e9curit\u00e9, pour mieux comprendre ce qui influence une d\u00e9cision lorsque les conditions deviennent plus instables.&nbsp;<\/p>\n\n\n\n<p>Il explore notamment :<\/p>\n\n\n\n<ul class=\"wp-block-list\">\n<li>le r\u00f4le des facteurs humains dans la qualit\u00e9 de d\u00e9cision,<\/li>\n\n\n\n<li>les effets de la pression, de la fatigue et de la surcharge sur la perception,<\/li>\n\n\n\n<li>quatre postures cl\u00e9s : collaborateur, manager, RSSI\/DSI, dirigeant,<\/li>\n\n\n\n<li>des gestes simples pour mieux d\u00e9cider sous contrainte,<\/li>\n\n\n\n<li>la place du doute, de l\u2019attention et du discernement dans la s\u00e9curit\u00e9 r\u00e9elle.\u00a0<\/li>\n<\/ul>\n\n\n\n<p>T\u00e9l\u00e9charger le guide<\/p>\n\n\n\n<figure class=\"wp-block-image size-large is-resized\"><img loading=\"lazy\" decoding=\"async\" width=\"819\" height=\"1024\" src=\"https:\/\/methodecyberserenite.com\/wp-content\/uploads\/2026\/04\/Guide2-819x1024.png\" alt=\"\" class=\"wp-image-384\" style=\"aspect-ratio:0.7999230843188155;width:282px;height:auto\" srcset=\"https:\/\/methodecyberserenite.com\/wp-content\/uploads\/2026\/04\/Guide2-819x1024.png 819w, https:\/\/methodecyberserenite.com\/wp-content\/uploads\/2026\/04\/Guide2-240x300.png 240w, https:\/\/methodecyberserenite.com\/wp-content\/uploads\/2026\/04\/Guide2-768x960.png 768w, https:\/\/methodecyberserenite.com\/wp-content\/uploads\/2026\/04\/Guide2-1229x1536.png 1229w, https:\/\/methodecyberserenite.com\/wp-content\/uploads\/2026\/04\/Guide2-1638x2048.png 1638w, https:\/\/methodecyberserenite.com\/wp-content\/uploads\/2026\/04\/Guide2-10x12.png 10w, https:\/\/methodecyberserenite.com\/wp-content\/uploads\/2026\/04\/Guide2-1320x1650.png 1320w, https:\/\/methodecyberserenite.com\/wp-content\/uploads\/2026\/04\/Guide2-scaled.png 2048w\" sizes=\"auto, (max-width: 819px) 100vw, 819px\" \/><\/figure>\n\n\n\n<p><strong><a href=\"https:\/\/methodecyberserenite.com\/wp-content\/uploads\/2026\/04\/GUIDE-2-Methode-Cyberserenite.pdf\" target=\"_blank\" rel=\"noreferrer noopener\">T\u00e9l\u00e9charger le Guide n\u00b02 \u2014 Postures humaines en cybers\u00e9curit\u00e9 (PDF)<\/a><\/strong><\/p>\n\n\n\n<p>La M\u00e9thode Cybers\u00e9r\u00e9nit\u00e9 est une approche en \u00e9volution.<br>Elle se construit au contact du terrain, des usages et des retours de celles et ceux qui cherchent \u00e0 mieux d\u00e9cider dans des environnements exigeants.&nbsp;<\/p>\n\n\n\n<p>Vos retours sont pr\u00e9cieux : ils contribuent \u00e0 faire vivre, clarifier et enrichir la m\u00e9thode.<\/p>\n\n\n\n<p>Suivre la M\u00e9thode Cybers\u00e9r\u00e9nit\u00e9 sur LinkedIn :\u00a0<a href=\"https:\/\/www.linkedin.com\/company\/m%C3%A9thode-cybers%C3%A9r%C3%A9nit%C3%A9\/\" target=\"_blank\" rel=\"noreferrer noopener nofollow\">Page LinkedIn officielle<\/a><\/p>\n\n\n\n<p><\/p>","protected":false},"excerpt":{"rendered":"<p>Postures humaines en cybers\u00e9curit\u00e9 Ce guide explore un point souvent sous-estim\u00e9 en cybers\u00e9curit\u00e9 : la mani\u00e8re dont les d\u00e9cisions sont r\u00e9ellement prises, par des humains, dans des contextes de pression, de fatigue, de surcharge, d\u2019urgence ou d\u2019incertitude. Il propose une lecture compl\u00e9mentaire de la cybers\u00e9curit\u00e9, centr\u00e9e sur les conditions de perception, d\u2019analyse et de discernement&hellip;&nbsp;<\/p>","protected":false},"author":1,"featured_media":0,"parent":0,"menu_order":0,"comment_status":"closed","ping_status":"closed","template":"","meta":{"neve_meta_sidebar":"","neve_meta_container":"","neve_meta_enable_content_width":"","neve_meta_content_width":0,"neve_meta_title_alignment":"","neve_meta_author_avatar":"","neve_post_elements_order":"","neve_meta_disable_header":"","neve_meta_disable_footer":"","neve_meta_disable_title":"","footnotes":""},"class_list":["post-381","page","type-page","status-publish","hentry"],"_links":{"self":[{"href":"https:\/\/methodecyberserenite.com\/en\/wp-json\/wp\/v2\/pages\/381","targetHints":{"allow":["GET"]}}],"collection":[{"href":"https:\/\/methodecyberserenite.com\/en\/wp-json\/wp\/v2\/pages"}],"about":[{"href":"https:\/\/methodecyberserenite.com\/en\/wp-json\/wp\/v2\/types\/page"}],"author":[{"embeddable":true,"href":"https:\/\/methodecyberserenite.com\/en\/wp-json\/wp\/v2\/users\/1"}],"replies":[{"embeddable":true,"href":"https:\/\/methodecyberserenite.com\/en\/wp-json\/wp\/v2\/comments?post=381"}],"version-history":[{"count":3,"href":"https:\/\/methodecyberserenite.com\/en\/wp-json\/wp\/v2\/pages\/381\/revisions"}],"predecessor-version":[{"id":387,"href":"https:\/\/methodecyberserenite.com\/en\/wp-json\/wp\/v2\/pages\/381\/revisions\/387"}],"wp:attachment":[{"href":"https:\/\/methodecyberserenite.com\/en\/wp-json\/wp\/v2\/media?parent=381"}],"curies":[{"name":"wp","href":"https:\/\/api.w.org\/{rel}","templated":true}]}}